{"id":737,"date":"2025-02-12T14:15:47","date_gmt":"2025-02-12T13:15:47","guid":{"rendered":"https:\/\/rier.server142.com\/soen-rier-holz\/"},"modified":"2025-05-08T12:23:34","modified_gmt":"2025-05-08T10:23:34","slug":"soen-rier-holz","status":"publish","type":"page","link":"https:\/\/rier.server142.com\/ld\/soen-rier-holz\/","title":{"rendered":"S\u00f6n Rier Holz"},"content":{"rendered":"<p>[et_pb_section fb_built=&#8221;1&#8243; _builder_version=&#8221;4.27.4&#8243; _module_preset=&#8221;default&#8221; min_height_tablet=&#8221;&#8221; min_height_phone=&#8221;&#8221; min_height_last_edited=&#8221;on|phone&#8221; custom_margin=&#8221;-174px||0px||false|false&#8221; custom_padding=&#8221;0px||0px||false|false&#8221; global_colors_info=&#8221;{}&#8221;][et_pb_row use_custom_gutter=&#8221;on&#8221; gutter_width=&#8221;1&#8243; make_equal=&#8221;on&#8221; _builder_version=&#8221;4.27.4&#8243; _module_preset=&#8221;default&#8221; background_color=&#8221;RGBA(255,255,255,0)&#8221; width=&#8221;100vw&#8221; max_width=&#8221;100vw&#8221; custom_margin=&#8221;0px||||false|false&#8221; custom_margin_tablet=&#8221;auto||||false|false&#8221; custom_margin_phone=&#8221;auto||||false|false&#8221; custom_margin_last_edited=&#8221;on|phone&#8221; custom_padding=&#8221;0px||0px||false|false&#8221; global_colors_info=&#8221;{}&#8221;][et_pb_column type=&#8221;4_4&#8243; _builder_version=&#8221;4.27.4&#8243; _module_preset=&#8221;default&#8221; background_color=&#8221;RGBA(255,255,255,0)&#8221; custom_css_main_element=&#8221;width: 100%!important;&#8221; global_colors_info=&#8221;{}&#8221;][et_pb_slider use_bg_overlay=&#8221;on&#8221; bg_overlay_color=&#8221;rgba(43,31,29,0.4)&#8221; _builder_version=&#8221;4.27.4&#8243; _module_preset=&#8221;default&#8221; header_font=&#8221;|700|||||||&#8221; header_text_align=&#8221;left&#8221; header_font_size=&#8221;65px&#8221; body_text_align=&#8221;left&#8221; body_font_size=&#8221;33px&#8221; min_height_tablet=&#8221;&#8221; min_height_phone=&#8221;&#8221; min_height_last_edited=&#8221;on|phone&#8221; height_tablet=&#8221;&#8221; height_phone=&#8221;&#8221; height_last_edited=&#8221;on|tablet&#8221; animation_style=&#8221;flip&#8221; auto=&#8221;on&#8221; auto_ignore_hover=&#8221;on&#8221; header_font_size_tablet=&#8221;55px&#8221; header_font_size_phone=&#8221;45px&#8221; header_font_size_last_edited=&#8221;on|phone&#8221; body_font_size_tablet=&#8221;30px&#8221; body_font_size_phone=&#8221;20px&#8221; body_font_size_last_edited=&#8221;on|tablet&#8221; body_text_shadow_style=&#8221;preset2&#8243; global_colors_info=&#8221;{}&#8221;][et_pb_slide heading=&#8221;S\u00f6n Rier Holz&#8221; _builder_version=&#8221;4.27.4&#8243; _module_preset=&#8221;default&#8221; background_image=&#8221;https:\/\/rier.server142.com\/wp-content\/uploads\/2025\/02\/wald_LMG_240919-Rier-223.jpg&#8221; background_enable_image=&#8221;on&#8221; custom_padding=&#8221;||||false|false&#8221; custom_padding_tablet=&#8221;300px||||false|false&#8221; custom_padding_phone=&#8221;300px||||false|false&#8221; custom_padding_last_edited=&#8221;on|phone&#8221; global_colors_info=&#8221;{}&#8221; sticky_transition=&#8221;on&#8221;]<\/p>\n<p>gestiun familiara. sostignibl. unich.<\/p>\n<p>[\/et_pb_slide][\/et_pb_slider][\/et_pb_column][\/et_pb_row][\/et_pb_section][et_pb_section fb_built=&#8221;1&#8243; _builder_version=&#8221;4.27.4&#8243; _module_preset=&#8221;default&#8221; background_color=&#8221;#2B1F1D&#8221; background_enable_image=&#8221;off&#8221; background_size=&#8221;contain&#8221; background_position=&#8221;center_right&#8221; background_horizontal_offset=&#8221;-13%&#8221; custom_margin=&#8221;||||false|false&#8221; custom_padding=&#8221;100px||1px||false|false&#8221; global_colors_info=&#8221;{}&#8221;][et_pb_row column_structure=&#8221;3_4,1_4&#8243; _builder_version=&#8221;4.27.4&#8243; _module_preset=&#8221;default&#8221; global_colors_info=&#8221;{}&#8221;][et_pb_column type=&#8221;3_4&#8243; _builder_version=&#8221;4.27.4&#8243; _module_preset=&#8221;default&#8221; global_colors_info=&#8221;{}&#8221;][et_pb_text _builder_version=&#8221;4.27.4&#8243; _module_preset=&#8221;default&#8221; header_line_height=&#8221;1.3em&#8221; header_5_line_height=&#8221;2.1em&#8221; background_layout=&#8221;dark&#8221; width_tablet=&#8221;100%&#8221; width_phone=&#8221;100%&#8221; width_last_edited=&#8221;on|phone&#8221; module_alignment=&#8221;left&#8221; scroll_fade_enable=&#8221;on&#8221; scroll_fade=&#8221;0|50|50|100|0|50%|100&#8243; motion_trigger_start=&#8221;top&#8221; text_font_size_tablet=&#8221;&#8221; text_font_size_phone=&#8221;17px&#8221; text_font_size_last_edited=&#8221;on|phone&#8221; global_colors_info=&#8221;{}&#8221;]<\/p>\n<h5>Storia<\/h5>\n<p><\/p>\n<h1>Dal 1844<\/h1>\n<p><\/p>\n<p>La si\u00ebia Rier a M\u00fchlen tla Val de T\u00fcresc \u00e9 n\u2019azi\u00ebnda tradizionala, che v\u00ebgn portada inant bele dala cuarta generaziun. <\/p>\n<p><\/p>\n<p><strong>Helmuth Rier<\/strong> sci\u00f6che m\u00f6t pl\u00fc vedl, \u00e1 surantut l\u2019azi\u00ebnda familiara da so pere tl 1985. S\u00ebgn la manaj\u00ebiel ad\u00f6m cun s\u00fca fomena <strong>Maria<\/strong> y s\u00fca m\u00f6ta pl\u00fc vedla <strong>Astrid<\/strong>. <\/p>\n<p><\/p>\n<p>L\u2019azi\u00ebnda ti d\u00e1 da laur a <strong>15 colaboradus<\/strong> y dilan a s\u00fces capazit\u00e9s a livel de personal y de mascins, p\u00f3ra laur\u00e9 s\u00f6 vigni ann inc\u00ebr <strong>10.000 m3 de lignan.<\/strong>  <\/p>\n<p><\/p>\n<p>L\u2019inom Rier st\u00e1 por flessibilit\u00e9, cualit\u00e9 y tradiziun. Nos sun osc partner por ci che reverda lignan toronn, lignan si\u00e9, lignan plan\u00e9 y la produziun de paletes. Dala cumpra dl lignan toronn, ala lauraziun fina ai produc secundars dla si\u00ebia, nos dla si\u00ebia Rier se cruziun de n\u2019utilisaziun completa dla materia pr\u00f6ma l\u00ebgn, tan preziosa y sostignibla. <\/p>\n<p>[\/et_pb_text][\/et_pb_column][et_pb_column type=&#8221;1_4&#8243; _builder_version=&#8221;4.27.4&#8243; _module_preset=&#8221;default&#8221; z_index=&#8221;1&#8243; global_colors_info=&#8221;{}&#8221;][et_pb_image src=&#8221;https:\/\/rier.server142.com\/wp-content\/uploads\/2025\/02\/button-r-dark_transparent.png&#8221; title_text=&#8221;button-r-dark_transparent&#8221; _builder_version=&#8221;4.27.4&#8243; _module_preset=&#8221;default&#8221; z_index=&#8221;0&#8243; width_tablet=&#8221;30%&#8221; width_phone=&#8221;30%&#8221; width_last_edited=&#8221;on|phone&#8221; scroll_vertical_motion_enable=&#8221;on&#8221; scroll_vertical_motion=&#8221;0|50|50|100|-2|0|2&#8243; module_alignment_tablet=&#8221;right&#8221; module_alignment_phone=&#8221;right&#8221; module_alignment_last_edited=&#8221;on|phone&#8221; global_colors_info=&#8221;{}&#8221;][\/et_pb_image][\/et_pb_column][\/et_pb_row][et_pb_row _builder_version=&#8221;4.27.4&#8243; _module_preset=&#8221;default&#8221; custom_padding=&#8221;||2px|||&#8221; global_colors_info=&#8221;{}&#8221;][et_pb_column type=&#8221;4_4&#8243; _builder_version=&#8221;4.27.4&#8243; _module_preset=&#8221;default&#8221; global_colors_info=&#8221;{}&#8221;][et_pb_text _builder_version=&#8221;4.27.4&#8243; _module_preset=&#8221;default&#8221; header_2_text_align=&#8221;center&#8221; header_2_text_color=&#8221;#E1AD82&#8243; global_colors_info=&#8221;{}&#8221;]<\/p>\n<h2>Ciara nosc video: <\/h2>\n<p>[\/et_pb_text][\/et_pb_column][\/et_pb_row][\/et_pb_section][et_pb_section fb_built=&#8221;1&#8243; _builder_version=&#8221;4.27.4&#8243; _module_preset=&#8221;default&#8221; background_color=&#8221;#2B1F1D&#8221; background_image=&#8221;https:\/\/rier.server142.com\/wp-content\/uploads\/2025\/02\/Element-Texture_transparent.png&#8221; background_size=&#8221;contain&#8221; background_position=&#8221;center_left&#8221; background_horizontal_offset=&#8221;-100%&#8221; global_colors_info=&#8221;{}&#8221;][et_pb_row _builder_version=&#8221;4.27.4&#8243; _module_preset=&#8221;default&#8221; width_tablet=&#8221;&#8221; width_phone=&#8221;100%&#8221; width_last_edited=&#8221;on|phone&#8221; custom_padding=&#8221;0px||0px|||&#8221; scroll_fade_enable=&#8221;on&#8221; global_colors_info=&#8221;{}&#8221;][et_pb_column type=&#8221;4_4&#8243; _builder_version=&#8221;4.27.4&#8243; _module_preset=&#8221;default&#8221; global_colors_info=&#8221;{}&#8221;][et_pb_video src=&#8221;https:\/\/youtu.be\/mh7YJQ67ecg&#8221; _builder_version=&#8221;4.27.4&#8243; _module_preset=&#8221;default&#8221; global_colors_info=&#8221;{}&#8221;][\/et_pb_video][\/et_pb_column][\/et_pb_row][\/et_pb_section][et_pb_section fb_built=&#8221;1&#8243; _builder_version=&#8221;4.27.4&#8243; _module_preset=&#8221;default&#8221; global_colors_info=&#8221;{}&#8221;][et_pb_row column_structure=&#8221;1_2,1_2&#8243; _builder_version=&#8221;4.27.4&#8243; _module_preset=&#8221;default&#8221; custom_padding=&#8221;||70px|||&#8221; scroll_fade_enable=&#8221;on&#8221; scroll_fade=&#8221;0|50|50|100|0|50%|100&#8243; motion_trigger_start=&#8221;top&#8221; global_colors_info=&#8221;{}&#8221;][et_pb_column type=&#8221;1_2&#8243; _builder_version=&#8221;4.27.4&#8243; _module_preset=&#8221;default&#8221; global_colors_info=&#8221;{}&#8221;][et_pb_text _builder_version=&#8221;4.27.4&#8243; _module_preset=&#8221;default&#8221; global_colors_info=&#8221;{}&#8221;]<\/p>\n<h5>ci che se st\u00e1 a c\u00f6r<\/h5>\n<p><\/p>\n<h2>Rier Holz \u2013 nosta vijiun<\/h2>\n<p><\/p>\n<p>&nbsp;<\/p>\n<p><\/p>\n<p>Nosta vijiun \u00e9 ch\u00ebra da ester na si\u00ebia sostignibla, che contribu\u00ebsc al ambi\u00ebnt te na manira positiva tres na lauraziun responsabla dl l\u00ebgn y prozesc efizi\u00ebnc dal punt d\u2019od\u00fcda dles ressurses. <\/p>\n<p><\/p>\n<p>Nos orun scon\u00e9 les ressurses naturales y surant\u00f3 responsabilit\u00e9 soziala y i se dun da f\u00e1 por se mior\u00e9 tresfora y por pod\u00ebi insci\u00f6 smendr\u00ed al minim nosta merscia de CO2. <\/p>\n<p>[\/et_pb_text][\/et_pb_column][et_pb_column type=&#8221;1_2&#8243; _builder_version=&#8221;4.27.4&#8243; _module_preset=&#8221;default&#8221; global_colors_info=&#8221;{}&#8221;][et_pb_image src=&#8221;https:\/\/rier.server142.com\/wp-content\/uploads\/2025\/02\/wald_LMG_240919-Rier-214.jpg&#8221; title_text=&#8221;wald_LMG_240919-Rier-214&#8243; _builder_version=&#8221;4.27.4&#8243; _module_preset=&#8221;default&#8221; global_colors_info=&#8221;{}&#8221;][\/et_pb_image][\/et_pb_column][\/et_pb_row][et_pb_row column_structure=&#8221;1_2,1_2&#8243; _builder_version=&#8221;4.27.4&#8243; _module_preset=&#8221;default&#8221; scroll_fade_enable=&#8221;on&#8221; scroll_fade=&#8221;0|50|50|100|0|50%|100&#8243; motion_trigger_start=&#8221;top&#8221; global_colors_info=&#8221;{}&#8221;][et_pb_column type=&#8221;1_2&#8243; _builder_version=&#8221;4.27.4&#8243; _module_preset=&#8221;default&#8221; global_colors_info=&#8221;{}&#8221;][et_pb_image src=&#8221;https:\/\/rier.server142.com\/wp-content\/uploads\/2025\/02\/familie_LMG_240919-Rier-205.jpg&#8221; title_text=&#8221;familie_LMG_240919-Rier-205&#8243; _builder_version=&#8221;4.27.4&#8243; _module_preset=&#8221;default&#8221; global_colors_info=&#8221;{}&#8221;][\/et_pb_image][et_pb_text _builder_version=&#8221;4.27.4&#8243; _module_preset=&#8221;default&#8221; text_font_size=&#8221;13px&#8221; text_line_height=&#8221;1em&#8221; global_colors_info=&#8221;{}&#8221;]<\/p>\n<p>Direziun aziendala (d.m.c.): Astrid, Helmuth y Maria<\/p>\n<p>[\/et_pb_text][\/et_pb_column][et_pb_column type=&#8221;1_2&#8243; _builder_version=&#8221;4.27.4&#8243; _module_preset=&#8221;default&#8221; global_colors_info=&#8221;{}&#8221;][et_pb_text _builder_version=&#8221;4.27.4&#8243; _module_preset=&#8221;default&#8221; global_colors_info=&#8221;{}&#8221;]<\/p>\n<h5>Tecnologia moderna incunta engajam\u00ebnt local<\/h5>\n<p><\/p>\n<h2>L\u00ebgn cun misciun <\/h2>\n<p><\/p>\n<p>Nosta misciun \u00e9 ch\u00ebra da ti d\u00e9 forma ala materia pr\u00f6ma l\u00ebgn, sostignibla y zertificada, alad\u00f4 dles ghiranzes dl cli\u00ebnt. Porch\u00ebl mirunse a tecniches de lauraziun avanzades. I reconesciun l\u2019importanza de n refornim\u00ebnt local dles materies pr\u00f6mes. Tres la cerna de l\u00ebgn dl raiun ne sostignunse nia ma l\u2019economia locala, mo i smendriun ince i cos\u0107 de trasport y i impac ambientai li\u00e1 a chisc. Tl medemo t\u00ebmp ti dunse n\u2019atenziun particolara ala flessibilit\u00e9 te nosta produziun por sodesf\u00e1 insci\u00f6 les domandes y i boj\u00ebgns desvalis de n\u00fcsc cli\u00ebnc. I se dun tresfora da f\u00e1 por pod\u00ebi respogne te na manira asvelta y efizi\u00ebnta ai dejiders individuai de n\u00fcsc cli\u00ebnc. Nosc obietif \u00e9 ch\u00ebl da ofr\u00ed soluziuns s\u00f6n mos\u00f6ra y costru\u00ed na colaboraziun str\u00ebnta cun n\u00fcsc cli\u00ebnc. <\/p>\n<p>[\/et_pb_text][\/et_pb_column][\/et_pb_row][\/et_pb_section][et_pb_section fb_built=&#8221;1&#8243; _builder_version=&#8221;4.27.4&#8243; _module_preset=&#8221;default&#8221; background_color=&#8221;#2B1F1D&#8221; global_colors_info=&#8221;{}&#8221;][et_pb_row _builder_version=&#8221;4.27.4&#8243; _module_preset=&#8221;default&#8221; scroll_fade_enable=&#8221;on&#8221; global_colors_info=&#8221;{}&#8221;][et_pb_column type=&#8221;4_4&#8243; _builder_version=&#8221;4.27.4&#8243; _module_preset=&#8221;default&#8221; global_colors_info=&#8221;{}&#8221;][et_pb_text _builder_version=&#8221;4.27.4&#8243; _module_preset=&#8221;default&#8221; header_2_text_color=&#8221;#D36614&#8243; text_orientation=&#8221;center&#8221; background_layout=&#8221;dark&#8221; global_colors_info=&#8221;{}&#8221;]<\/p>\n<h2>Chisc valurs viunse<\/h2>\n<p>[\/et_pb_text][\/et_pb_column][\/et_pb_row][et_pb_row column_structure=&#8221;1_6,1_6,1_6,1_6,1_6,1_6&#8243; module_class=&#8221;two-col-mob&#8221; _builder_version=&#8221;4.27.4&#8243; _module_preset=&#8221;default&#8221; width=&#8221;90%&#8221; scroll_fade_enable=&#8221;on&#8221; scroll_fade=&#8221;0|50|50|100|0|50%|100&#8243; motion_trigger_start=&#8221;top&#8221; global_colors_info=&#8221;{}&#8221;][et_pb_column type=&#8221;1_6&#8243; _builder_version=&#8221;4.27.4&#8243; _module_preset=&#8221;default&#8221; global_colors_info=&#8221;{}&#8221;][et_pb_blurb title=&#8221;Flessibilit\u00e9&#8221; image=&#8221;https:\/\/rier.server142.com\/wp-content\/uploads\/2025\/02\/produktion_LMG_240919-Rier-184.jpg&#8221; _builder_version=&#8221;4.27.4&#8243; _module_preset=&#8221;default&#8221; text_orientation=&#8221;center&#8221; background_layout=&#8221;dark&#8221; global_colors_info=&#8221;{}&#8221;]<\/p>\n<p>I ti dun na gran importanza ala flessibilit\u00e9 tla produziun.<br \/>\nTres nosta dimenjiun y nosta capazit\u00e9 da se adat\u00e9, sunse bugn da sodesf\u00e1 i dejiders de n\u00fcsc cli\u00ebnc y nia ma da prod\u00fcje mos\u00f6res standard. <\/p>\n<p>[\/et_pb_blurb][\/et_pb_column][et_pb_column type=&#8221;1_6&#8243; _builder_version=&#8221;4.27.4&#8243; _module_preset=&#8221;default&#8221; global_colors_info=&#8221;{}&#8221;][et_pb_blurb title=&#8221;Cualit\u00e9 y sodesfaziun dl cli\u00ebnt&#8221; image=&#8221;https:\/\/rier.server142.com\/wp-content\/uploads\/2025\/02\/produktion_LMG_240919-Rier-153.jpg&#8221; _builder_version=&#8221;4.27.4&#8243; _module_preset=&#8221;default&#8221; header_font_size=&#8221;18px&#8221; text_orientation=&#8221;center&#8221; background_layout=&#8221;dark&#8221; header_font_size_tablet=&#8221;18px&#8221; header_font_size_phone=&#8221;18px&#8221; header_font_size_last_edited=&#8221;on|tablet&#8221; global_colors_info=&#8221;{}&#8221;]<\/p>\n<p>I mirun ala perfeziun y i se assigurun che n\u00fcsc cli\u00ebnc ciafes produc che corespogn a s\u00fces pretejes. <\/p>\n<p>[\/et_pb_blurb][\/et_pb_column][et_pb_column type=&#8221;1_6&#8243; _builder_version=&#8221;4.27.4&#8243; _module_preset=&#8221;default&#8221; global_colors_info=&#8221;{}&#8221;][et_pb_blurb title=&#8221;Colaboradus&#8221; image=&#8221;https:\/\/rier.server142.com\/wp-content\/uploads\/2025\/02\/produktion_LMG_240919-Rier-185.jpg&#8221; _builder_version=&#8221;4.27.4&#8243; _module_preset=&#8221;default&#8221; text_orientation=&#8221;center&#8221; background_layout=&#8221;dark&#8221; global_colors_info=&#8221;{}&#8221;]<\/p>\n<p>N\u00fcsc colaboradus \u00e9 nosc capital pl\u00fc prezius. Nos i sostignun y promoiun y i ti dun importanza ala creaziun de n ambi\u00ebnt de laur sig\u00fc y sann. <\/p>\n<p>[\/et_pb_blurb][\/et_pb_column][et_pb_column type=&#8221;1_6&#8243; _builder_version=&#8221;4.27.4&#8243; _module_preset=&#8221;default&#8221; global_colors_info=&#8221;{}&#8221;][et_pb_blurb title=&#8221;Sostignibilit\u00e9&#8221; image=&#8221;https:\/\/rier.server142.com\/wp-content\/uploads\/2025\/02\/wald_LMG_240919-Rier-215.jpg&#8221; _builder_version=&#8221;4.27.4&#8243; _module_preset=&#8221;default&#8221; text_orientation=&#8221;center&#8221; background_layout=&#8221;dark&#8221; global_colors_info=&#8221;{}&#8221;]<\/p>\n<p>Nos viun la sostignibilit\u00e9! Nosta ativit\u00e9 nes conzed da ador\u00e9 y valoris\u00e9 le 100% dla materia pr\u00f6ma preziosa l\u00ebgn, dal lignan scadr\u00e9 ala br\u00ebia ala siad\u00f6ra. <\/p>\n<p>[\/et_pb_blurb][\/et_pb_column][et_pb_column type=&#8221;1_6&#8243; _builder_version=&#8221;4.27.4&#8243; _module_preset=&#8221;default&#8221; global_colors_info=&#8221;{}&#8221;][et_pb_blurb title=&#8221;Responsabilit\u00e9 ti confrunc dl ambi\u00ebnt&#8221; image=&#8221;https:\/\/rier.server142.com\/wp-content\/uploads\/2025\/02\/wald_LMG_240919-Rier-217.jpg&#8221; _builder_version=&#8221;4.27.4&#8243; _module_preset=&#8221;default&#8221; text_orientation=&#8221;center&#8221; background_layout=&#8221;dark&#8221; global_colors_info=&#8221;{}&#8221;]<\/p>\n<p>I sun cosci\u00ebnc de nosta responsabilit\u00e9 ti confrunc dl ambi\u00ebnt y i se porvun da ag\u00ed te na manira che le dagn\u00ed sides poscibl.<\/p>\n<p>[\/et_pb_blurb][\/et_pb_column][et_pb_column type=&#8221;1_6&#8243; _builder_version=&#8221;4.27.4&#8243; _module_preset=&#8221;default&#8221; global_colors_info=&#8221;{}&#8221;][et_pb_blurb title=&#8221;Economia zircolara&#8221; image=&#8221;https:\/\/rier.server142.com\/wp-content\/uploads\/2025\/02\/detail_LMG_240919-Rier-98-vertical.jpg&#8221; _builder_version=&#8221;4.27.4&#8243; _module_preset=&#8221;default&#8221; text_orientation=&#8221;center&#8221; background_layout=&#8221;dark&#8221; global_colors_info=&#8221;{}&#8221;]<\/p>\n<p>L\u2019economia zircolara se bas\u00ebia s\u00f6n le prinzip dl\u2019utilisaziun completa, dla regeneraziun y dl reziclaje dles ressurses por smendr\u00ed le refodam. La realisaziun de ch\u00ebsc prinzip \u00e9 nosc fin. <\/p>\n<p>[\/et_pb_blurb][\/et_pb_column][\/et_pb_row][et_pb_row _builder_version=&#8221;4.27.4&#8243; _module_preset=&#8221;default&#8221; global_colors_info=&#8221;{}&#8221;][et_pb_column type=&#8221;4_4&#8243; _builder_version=&#8221;4.27.4&#8243; _module_preset=&#8221;default&#8221; global_colors_info=&#8221;{}&#8221;][et_pb_button button_url=&#8221;@ET-DC@eyJkeW5hbWljIjp0cnVlLCJjb250ZW50IjoicG9zdF9saW5rX3VybF9wYWdlIiwic2V0dGluZ3MiOnsicG9zdF9pZCI6IjIzMCJ9fQ==@&#8221; button_text=&#8221;Inant a nosc team&#8221; button_alignment=&#8221;center&#8221; _builder_version=&#8221;4.27.4&#8243; _dynamic_attributes=&#8221;button_url&#8221; _module_preset=&#8221;default&#8221; custom_button=&#8221;on&#8221; button_bg_color=&#8221;#D36614&#8243; button_border_color=&#8221;#D36614&#8243; animation_style=&#8221;zoom&#8221; global_colors_info=&#8221;{}&#8221; button_border_color__hover_enabled=&#8221;on|hover&#8221; button_border_color__hover=&#8221;#D36614&#8243; button_bg_color__hover_enabled=&#8221;on|hover&#8221; button_bg_color__hover=&#8221;#D36614&#8243; button_bg_enable_color__hover=&#8221;on&#8221; button_text_color__hover_enabled=&#8221;on|hover&#8221; button_text_color__hover=&#8221;#2B1F1D&#8221;][\/et_pb_button][\/et_pb_column][\/et_pb_row][\/et_pb_section]<\/p>\n","protected":false},"excerpt":{"rendered":"<p>gestiun familiara. sostignibl. unich.StoriaDal 1844La si\u00ebia Rier a M\u00fchlen tla Val de T\u00fcresc \u00e9 n\u2019azi\u00ebnda tradizionala, che v\u00ebgn portada inant bele dala cuarta generaziun. Helmuth Rier sci\u00f6che m\u00f6t pl\u00fc vedl, \u00e1 surantut l\u2019azi\u00ebnda familiara da so pere tl 1985. S\u00ebgn la manaj\u00ebiel ad\u00f6m cun s\u00fca fomena Maria y s\u00fca m\u00f6ta pl\u00fc vedla Astrid. L\u2019azi\u00ebnda ti [&hellip;]<\/p>\n","protected":false},"author":1,"featured_media":0,"parent":0,"menu_order":10,"comment_status":"closed","ping_status":"closed","template":"","meta":{"_et_pb_use_builder":"on","_et_pb_old_content":"","_et_gb_content_width":"","footnotes":""},"class_list":["post-737","page","type-page","status-publish","hentry"],"_links":{"self":[{"href":"https:\/\/rier.server142.com\/ld\/wp-json\/wp\/v2\/pages\/737","targetHints":{"allow":["GET"]}}],"collection":[{"href":"https:\/\/rier.server142.com\/ld\/wp-json\/wp\/v2\/pages"}],"about":[{"href":"https:\/\/rier.server142.com\/ld\/wp-json\/wp\/v2\/types\/page"}],"author":[{"embeddable":true,"href":"https:\/\/rier.server142.com\/ld\/wp-json\/wp\/v2\/users\/1"}],"replies":[{"embeddable":true,"href":"https:\/\/rier.server142.com\/ld\/wp-json\/wp\/v2\/comments?post=737"}],"version-history":[{"count":2,"href":"https:\/\/rier.server142.com\/ld\/wp-json\/wp\/v2\/pages\/737\/revisions"}],"predecessor-version":[{"id":739,"href":"https:\/\/rier.server142.com\/ld\/wp-json\/wp\/v2\/pages\/737\/revisions\/739"}],"wp:attachment":[{"href":"https:\/\/rier.server142.com\/ld\/wp-json\/wp\/v2\/media?parent=737"}],"curies":[{"name":"wp","href":"https:\/\/api.w.org\/{rel}","templated":true}]}}